{"id":3666,"date":"2019-12-17T10:08:48","date_gmt":"2019-12-17T09:08:48","guid":{"rendered":"http:\/\/forumdesseniorsbretagne.com\/?page_id=3666"},"modified":"2020-02-03T17:28:42","modified_gmt":"2020-02-03T16:28:42","slug":"animations-programme-bientot-en-ligne","status":"publish","type":"page","link":"https:\/\/forumdesseniorsbretagne.com\/index.php\/animations-programme-bientot-en-ligne\/","title":{"rendered":"Animations : consultez d\u00e8s \u00e0 pr\u00e9sent le programme"},"content":{"rendered":"<div class=\"fusion-fullwidth fullwidth-box fusion-builder-row-1 nonhundred-percent-fullwidth non-hundred-percent-height-scrolling\" style=\"--awb-border-radius-top-left:0px;--awb-border-radius-top-right:0px;--awb-border-radius-bottom-right:0px;--awb-border-radius-bottom-left:0px;--awb-padding-top:0px;--awb-background-color:#ffffff;--awb-flex-wrap:wrap;\" ><div class=\"fusion-builder-row fusion-row\"><div class=\"fusion-layout-column fusion_builder_column fusion-builder-column-0 fusion_builder_column_1_1 1_1 fusion-one-full fusion-column-first fusion-column-last\" style=\"--awb-bg-size:cover;\"><div class=\"fusion-column-wrapper fusion-flex-column-wrapper-legacy\"><div class=\"fusion-sep-clear\"><\/div><div class=\"fusion-separator fusion-full-width-sep\" style=\"margin-left: auto;margin-right: auto;margin-top:40px;width:100%;\"><\/div><div class=\"fusion-sep-clear\"><\/div><div class=\"fusion-fa-align-center\"><i class=\"fb-icon-element-1 fb-icon-element fontawesome-icon fa-user fas circle-yes\" style=\"--awb-circlecolor:#d10a11;--awb-circlecolor-hover:#d10a11;--awb-circlebordercolor:#d10a11;--awb-circlebordercolor-hover:#d10a11;--awb-circlebordersize:1px;--awb-font-size:35.2px;--awb-width:70.4px;--awb-height:70.4px;--awb-line-height:68.4px;\"><\/i><\/div><div class=\"fusion-sep-clear\"><\/div><div class=\"fusion-separator fusion-full-width-sep\" style=\"margin-left: auto;margin-right: auto;margin-top:40px;width:100%;\"><\/div><div class=\"fusion-sep-clear\"><\/div><div class=\"fusion-title title fusion-title-1 fusion-sep-none fusion-title-center fusion-title-text fusion-title-size-one\"><h1 class=\"fusion-title-heading title-heading-center\" style=\"margin:0;\"><h2 style=\"text-align: center;\"><span style=\"color: #d10a11;\"><strong>ANIMATIONS<\/strong><\/span><br \/>\n<a href=\"http:\/\/forumdesseniorsbretagne.com\/index.php\/programme-animations-vendredi\/\"><span style=\"color: #d10a11;\"><strong>Consultez d\u00e8s \u00e0 pr\u00e9sent le programme 2020<\/strong><\/span><\/a><\/h2><\/h1><\/div><div class=\"fusion-sep-clear\"><\/div><div class=\"fusion-separator fusion-full-width-sep\" style=\"margin-left: auto;margin-right: auto;margin-top:40px;width:100%;\"><\/div><div class=\"fusion-sep-clear\"><\/div><div class=\"fusion-aligncenter\"><a class=\"fusion-button button-flat fusion-button-default-size button-default fusion-button-default button-1 fusion-button-default-span fusion-button-default-type\" target=\"_self\" href=\"http:\/\/forumdesseniorsbretagne.com\/index.php\/contacts-equipe\/\"><span class=\"fusion-button-text awb-button__text awb-button__text--default\">Une question ? Une \u00e9quipe sp\u00e9cialis\u00e9e \u00e0 votre \u00e9coute. Contactez-nous !<\/span><\/a><\/div><div class=\"fusion-clearfix\"><\/div><\/div><\/div><\/div><\/div>\n","protected":false},"excerpt":{"rendered":"","protected":false},"author":1,"featured_media":0,"parent":0,"menu_order":0,"comment_status":"closed","ping_status":"closed","template":"100-width.php","meta":{"footnotes":""},"class_list":["post-3666","page","type-page","status-publish","hentry"],"_links":{"self":[{"href":"https:\/\/forumdesseniorsbretagne.com\/index.php\/wp-json\/wp\/v2\/pages\/3666","targetHints":{"allow":["GET"]}}],"collection":[{"href":"https:\/\/forumdesseniorsbretagne.com\/index.php\/wp-json\/wp\/v2\/pages"}],"about":[{"href":"https:\/\/forumdesseniorsbretagne.com\/index.php\/wp-json\/wp\/v2\/types\/page"}],"author":[{"embeddable":true,"href":"https:\/\/forumdesseniorsbretagne.com\/index.php\/wp-json\/wp\/v2\/users\/1"}],"replies":[{"embeddable":true,"href":"https:\/\/forumdesseniorsbretagne.com\/index.php\/wp-json\/wp\/v2\/comments?post=3666"}],"version-history":[{"count":4,"href":"https:\/\/forumdesseniorsbretagne.com\/index.php\/wp-json\/wp\/v2\/pages\/3666\/revisions"}],"predecessor-version":[{"id":4849,"href":"https:\/\/forumdesseniorsbretagne.com\/index.php\/wp-json\/wp\/v2\/pages\/3666\/revisions\/4849"}],"wp:attachment":[{"href":"https:\/\/forumdesseniorsbretagne.com\/index.php\/wp-json\/wp\/v2\/media?parent=3666"}],"curies":[{"name":"wp","href":"https:\/\/api.w.org\/{rel}","templated":true}]}}