{"id":3670,"date":"2019-12-17T10:13:36","date_gmt":"2019-12-17T09:13:36","guid":{"rendered":"http:\/\/forumdesseniorsbretagne.com\/?page_id=3670"},"modified":"2026-02-02T17:09:10","modified_gmt":"2026-02-02T16:09:10","slug":"espace_de_depistages","status":"publish","type":"page","link":"https:\/\/forumdesseniorsbretagne.com\/index.php\/espace_de_depistages\/","title":{"rendered":"ESPACE DE DEPISTAGES : consultez d\u00e8s \u00e0 pr\u00e9sent le programme"},"content":{"rendered":"<div class=\"fusion-fullwidth fullwidth-box fusion-builder-row-1 nonhundred-percent-fullwidth non-hundred-percent-height-scrolling\" style=\"--awb-border-radius-top-left:0px;--awb-border-radius-top-right:0px;--awb-border-radius-bottom-right:0px;--awb-border-radius-bottom-left:0px;--awb-padding-top:0px;--awb-background-color:#ffffff;--awb-flex-wrap:wrap;\" ><div class=\"fusion-builder-row fusion-row\"><div class=\"fusion-layout-column fusion_builder_column fusion-builder-column-0 fusion_builder_column_1_1 1_1 fusion-one-full fusion-column-first fusion-column-last\" style=\"--awb-bg-size:cover;\"><div class=\"fusion-column-wrapper fusion-flex-column-wrapper-legacy\"><div class=\"fusion-sep-clear\"><\/div><div class=\"fusion-separator fusion-full-width-sep\" style=\"margin-left: auto;margin-right: auto;margin-top:40px;width:100%;\"><\/div><div class=\"fusion-sep-clear\"><\/div><div class=\"fusion-text fusion-text-1\" style=\"--awb-text-transform:none;\"><h1 style=\"text-align: center;\"><span style=\"color: #312782;\"><strong>TESTS ET DEPISTAGES SANTE<\/strong><\/span><\/h1>\n<h4 style=\"text-align: center;\"><strong>Faites le point sur votre sant\u00e9 avec des d\u00e9pistages gratuits sur le Forum, sur les stands partenaires et l\u2019espace de d\u00e9pistages.<br \/><\/strong><\/h4>\n<p>&nbsp;<\/p>\n<\/div><div class=\"fusion-text fusion-text-2\" style=\"--awb-font-size:20px;--awb-text-transform:none;--awb-text-color:#5e5e5e;\"><h2 style=\"text-align: left; --fontSize: 28; line-height: 1.5;\" data-fontsize=\"28\" data-lineheight=\"42px\" class=\"fusion-responsive-typography-calculated\"><span style=\"color: #312782;\"><strong>VENDREDI 13 &amp; SAMEDI 14 MARS<\/strong><\/span><\/h2>\n<p>Sur l\u2019espace D\u00e9pistages, l\u2019association France Rein propose un d\u00e9pistage gratuit et des informations sur les maladies r\u00e9nales. N\u2019h\u00e9sitez pas \u00e0 venir avec un gobelet pour le test.   <\/p>\n<p>Par ailleurs une infirmi\u00e8re sera \u00e9galement pr\u00e9sente deux jours pour des tests de glyc\u00e9mie et des prises de tension. <\/p>\n<\/div><div class=\"fusion-clearfix\"><\/div><\/div><\/div><\/div><\/div>\n","protected":false},"excerpt":{"rendered":"","protected":false},"author":1,"featured_media":0,"parent":0,"menu_order":0,"comment_status":"closed","ping_status":"closed","template":"100-width.php","meta":{"footnotes":""},"class_list":["post-3670","page","type-page","status-publish","hentry"],"_links":{"self":[{"href":"https:\/\/forumdesseniorsbretagne.com\/index.php\/wp-json\/wp\/v2\/pages\/3670","targetHints":{"allow":["GET"]}}],"collection":[{"href":"https:\/\/forumdesseniorsbretagne.com\/index.php\/wp-json\/wp\/v2\/pages"}],"about":[{"href":"https:\/\/forumdesseniorsbretagne.com\/index.php\/wp-json\/wp\/v2\/types\/page"}],"author":[{"embeddable":true,"href":"https:\/\/forumdesseniorsbretagne.com\/index.php\/wp-json\/wp\/v2\/users\/1"}],"replies":[{"embeddable":true,"href":"https:\/\/forumdesseniorsbretagne.com\/index.php\/wp-json\/wp\/v2\/comments?post=3670"}],"version-history":[{"count":33,"href":"https:\/\/forumdesseniorsbretagne.com\/index.php\/wp-json\/wp\/v2\/pages\/3670\/revisions"}],"predecessor-version":[{"id":8139,"href":"https:\/\/forumdesseniorsbretagne.com\/index.php\/wp-json\/wp\/v2\/pages\/3670\/revisions\/8139"}],"wp:attachment":[{"href":"https:\/\/forumdesseniorsbretagne.com\/index.php\/wp-json\/wp\/v2\/media?parent=3670"}],"curies":[{"name":"wp","href":"https:\/\/api.w.org\/{rel}","templated":true}]}}