{"id":5044,"date":"2020-02-04T18:30:21","date_gmt":"2020-02-04T17:30:21","guid":{"rendered":"http:\/\/forumdesseniorsbretagne.com\/index.php\/journalistes-2020-kit-com-2\/"},"modified":"2020-02-04T18:30:21","modified_gmt":"2020-02-04T17:30:21","slug":"journalistes-2020-kit-com-2","status":"publish","type":"page","link":"https:\/\/forumdesseniorsbretagne.com\/index.php\/journalistes-2020-kit-com-2\/","title":{"rendered":"Journalistes 2020 KIT COM"},"content":{"rendered":"<p><div class=\"fusion-fullwidth fullwidth-box fusion-builder-row-1 nonhundred-percent-fullwidth non-hundred-percent-height-scrolling\" style=\"--awb-border-radius-top-left:0px;--awb-border-radius-top-right:0px;--awb-border-radius-bottom-right:0px;--awb-border-radius-bottom-left:0px;--awb-padding-top:0px;--awb-background-color:#e4010a;--awb-flex-wrap:wrap;\" ><div class=\"fusion-builder-row fusion-row\"><div class=\"fusion-layout-column fusion_builder_column fusion-builder-column-0 fusion_builder_column_1_1 1_1 fusion-one-full fusion-column-first fusion-column-last\" style=\"--awb-bg-size:cover;\"><div class=\"fusion-column-wrapper fusion-flex-column-wrapper-legacy\"><div class=\"fusion-sep-clear\"><\/div><div class=\"fusion-separator fusion-full-width-sep\" style=\"margin-left: auto;margin-right: auto;margin-top:40px;width:100%;\"><\/div><div class=\"fusion-sep-clear\"><\/div><div class=\"fusion-fa-align-center\"><i class=\"fb-icon-element-1 fb-icon-element fontawesome-icon fa-address-card far circle-no\" style=\"--awb-font-size:40px;\"><\/i><\/div><div class=\"fusion-title title fusion-title-1 fusion-sep-none fusion-title-center fusion-title-text fusion-title-size-one\"><h1 class=\"fusion-title-heading title-heading-center\" style=\"margin:0;\"><span style=\"color: #ffffff;\">JOURNALISTES<br \/>\nkit Communication<\/span><\/h1><\/div><div class=\"fusion-title title fusion-title-2 fusion-sep-none fusion-title-center fusion-title-text fusion-title-size-two\"><h2 class=\"fusion-title-heading title-heading-center\" style=\"margin:0;\"><span style=\"color: #ffffff;\">T\u00e9l\u00e9chargez les documents presse du Forum des Seniors Bretagne (PDF)<\/span><\/h2><\/div><div class=\"fusion-clearfix\"><\/div><\/div><\/div><\/div><\/div><div class=\"fusion-fullwidth fullwidth-box fusion-builder-row-2 nonhundred-percent-fullwidth non-hundred-percent-height-scrolling\" style=\"--awb-border-radius-top-left:0px;--awb-border-radius-top-right:0px;--awb-border-radius-bottom-right:0px;--awb-border-radius-bottom-left:0px;--awb-padding-top:0px;--awb-background-color:#ffffff;--awb-flex-wrap:wrap;\" ><div class=\"fusion-builder-row fusion-row\"><div class=\"fusion-layout-column fusion_builder_column fusion-builder-column-1 fusion_builder_column_1_4 1_4 fusion-one-fourth fusion-column-first\" style=\"--awb-bg-size:cover;width:25%;width:calc(25% - ( ( 4% + 4% + 4% ) * 0.25 ) );margin-right: 4%;\"><div class=\"fusion-column-wrapper fusion-flex-column-wrapper-legacy\"><div class=\"fusion-sep-clear\"><\/div><div class=\"fusion-separator fusion-full-width-sep\" style=\"margin-left: auto;margin-right: auto;margin-top:40px;width:100%;\"><\/div><div class=\"fusion-sep-clear\"><\/div><div class=\"fusion-fa-align-center\"><i class=\"fb-icon-element-2 fb-icon-element fontawesome-icon fa-address-card far circle-yes\" style=\"--awb-circlecolor:#ed1b24;--awb-circlecolor-hover:#ed1b24;--awb-circlebordercolor:#ed1b24;--awb-circlebordercolor-hover:#ed1b24;--awb-circlebordersize:1px;--awb-font-size:35.2px;--awb-width:70.4px;--awb-height:70.4px;--awb-line-height:68.4px;\"><\/i><\/div><div class=\"fusion-sep-clear\"><\/div><div class=\"fusion-separator fusion-full-width-sep\" style=\"margin-left: auto;margin-right: auto;margin-top:40px;width:100%;\"><\/div><div class=\"fusion-sep-clear\"><\/div><div class=\"fusion-image-element fusion-image-align-center in-legacy-container\" style=\"text-align:center;--awb-caption-title-font-family:var(--h2_typography-font-family);--awb-caption-title-font-weight:var(--h2_typography-font-weight);--awb-caption-title-font-style:var(--h2_typography-font-style);--awb-caption-title-size:var(--h2_typography-font-size);--awb-caption-title-transform:var(--h2_typography-text-transform);--awb-caption-title-line-height:var(--h2_typography-line-height);--awb-caption-title-letter-spacing:var(--h2_typography-letter-spacing);\"><div class=\"imageframe-align-center\"><span class=\" fusion-imageframe imageframe-none imageframe-1 hover-type-none\"><a href=\"http:\/\/forumdesseniorsbretagne.com\/wp-content\/uploads\/2019\/12\/FSB-Logo-dates-vertical.png\" class=\"fusion-lightbox\" data-rel=\"iLightbox[249db53a7267d0e05b7]\" data-title=\"FSB-Logo + dates vertical\" title=\"FSB-Logo + dates vertical\"><img decoding=\"async\" width=\"1366\" height=\"768\" src=\"http:\/\/forumdesseniorsbretagne.com\/wp-content\/uploads\/2019\/12\/FSB-Logo-dates-vertical.png\" alt class=\"img-responsive wp-image-3726\" srcset=\"https:\/\/forumdesseniorsbretagne.com\/wp-content\/uploads\/2019\/12\/FSB-Logo-dates-vertical-200x112.png 200w, https:\/\/forumdesseniorsbretagne.com\/wp-content\/uploads\/2019\/12\/FSB-Logo-dates-vertical-400x225.png 400w, https:\/\/forumdesseniorsbretagne.com\/wp-content\/uploads\/2019\/12\/FSB-Logo-dates-vertical-600x337.png 600w, https:\/\/forumdesseniorsbretagne.com\/wp-content\/uploads\/2019\/12\/FSB-Logo-dates-vertical-800x450.png 800w, https:\/\/forumdesseniorsbretagne.com\/wp-content\/uploads\/2019\/12\/FSB-Logo-dates-vertical-1200x675.png 1200w, https:\/\/forumdesseniorsbretagne.com\/wp-content\/uploads\/2019\/12\/FSB-Logo-dates-vertical.png 1366w\" sizes=\"(max-width: 800px) 100vw, 400px\" \/><\/a><\/span><\/div><\/div><div class=\"fusion-sep-clear\"><\/div><div class=\"fusion-separator fusion-full-width-sep\" style=\"margin-left: auto;margin-right: auto;margin-top:40px;width:100%;\"><\/div><div class=\"fusion-sep-clear\"><\/div><div class=\"fusion-aligncenter\"><a class=\"fusion-button button-flat fusion-button-default-size button-default fusion-button-default button-1 fusion-button-default-span fusion-button-default-type\" target=\"_self\" href=\"http:\/\/forumdesseniorsbretagne.com\/wp-content\/uploads\/2019\/12\/FSB-Logo-dates-vertical.png\"><span class=\"fusion-button-text awb-button__text awb-button__text--default\">T\u00e9l\u00e9chargez le bloc dates carr\u00e9 2020 (PNG)<\/span><\/a><\/div><div class=\"fusion-clearfix\"><\/div><\/div><\/div><div class=\"fusion-layout-column fusion_builder_column fusion-builder-column-2 fusion_builder_column_1_4 1_4 fusion-one-fourth\" style=\"--awb-bg-size:cover;width:25%;width:calc(25% - ( ( 4% + 4% + 4% ) * 0.25 ) );margin-right: 4%;\"><div class=\"fusion-column-wrapper fusion-flex-column-wrapper-legacy\"><div class=\"fusion-sep-clear\"><\/div><div class=\"fusion-separator fusion-full-width-sep\" style=\"margin-left: auto;margin-right: auto;margin-top:40px;width:100%;\"><\/div><div class=\"fusion-sep-clear\"><\/div><div class=\"fusion-fa-align-center\"><i class=\"fb-icon-element-3 fb-icon-element fontawesome-icon fa-address-card far circle-yes\" style=\"--awb-circlecolor:#ed1b24;--awb-circlecolor-hover:#ed1b24;--awb-circlebordercolor:#ed1b24;--awb-circlebordercolor-hover:#ed1b24;--awb-circlebordersize:1px;--awb-font-size:35.2px;--awb-width:70.4px;--awb-height:70.4px;--awb-line-height:68.4px;\"><\/i><\/div><div class=\"fusion-sep-clear\"><\/div><div class=\"fusion-separator fusion-full-width-sep\" style=\"margin-left: auto;margin-right: auto;margin-top:40px;width:100%;\"><\/div><div class=\"fusion-sep-clear\"><\/div><div class=\"fusion-image-element fusion-image-align-center in-legacy-container\" style=\"text-align:center;--awb-caption-title-font-family:var(--h2_typography-font-family);--awb-caption-title-font-weight:var(--h2_typography-font-weight);--awb-caption-title-font-style:var(--h2_typography-font-style);--awb-caption-title-size:var(--h2_typography-font-size);--awb-caption-title-transform:var(--h2_typography-text-transform);--awb-caption-title-line-height:var(--h2_typography-line-height);--awb-caption-title-letter-spacing:var(--h2_typography-letter-spacing);\"><div class=\"imageframe-align-center\"><span class=\" fusion-imageframe imageframe-none imageframe-2 hover-type-none\"><a href=\"http:\/\/forumdesseniorsbretagne.com\/wp-content\/uploads\/2019\/12\/Bandeau-Forum-des-Seniors-Bretagne-2020.jpg\" class=\"fusion-lightbox\" data-rel=\"iLightbox[b8436fc20c0afa4a9dd]\" data-title=\"Bandeau Forum des Seniors Bretagne 2020\" title=\"Bandeau Forum des Seniors Bretagne 2020\"><img decoding=\"async\" width=\"1200\" height=\"196\" src=\"http:\/\/forumdesseniorsbretagne.com\/wp-content\/uploads\/2019\/12\/Bandeau-Forum-des-Seniors-Bretagne-2020.jpg\" alt class=\"img-responsive wp-image-3724\" srcset=\"https:\/\/forumdesseniorsbretagne.com\/wp-content\/uploads\/2019\/12\/Bandeau-Forum-des-Seniors-Bretagne-2020-200x33.jpg 200w, https:\/\/forumdesseniorsbretagne.com\/wp-content\/uploads\/2019\/12\/Bandeau-Forum-des-Seniors-Bretagne-2020-400x65.jpg 400w, https:\/\/forumdesseniorsbretagne.com\/wp-content\/uploads\/2019\/12\/Bandeau-Forum-des-Seniors-Bretagne-2020-600x98.jpg 600w, https:\/\/forumdesseniorsbretagne.com\/wp-content\/uploads\/2019\/12\/Bandeau-Forum-des-Seniors-Bretagne-2020-800x131.jpg 800w, https:\/\/forumdesseniorsbretagne.com\/wp-content\/uploads\/2019\/12\/Bandeau-Forum-des-Seniors-Bretagne-2020.jpg 1200w\" sizes=\"(max-width: 800px) 100vw, 400px\" \/><\/a><\/span><\/div><\/div><div class=\"fusion-sep-clear\"><\/div><div class=\"fusion-separator fusion-full-width-sep\" style=\"margin-left: auto;margin-right: auto;margin-top:40px;width:100%;\"><\/div><div class=\"fusion-sep-clear\"><\/div><div class=\"fusion-aligncenter\"><a class=\"fusion-button button-flat fusion-button-default-size button-default fusion-button-default button-2 fusion-button-default-span fusion-button-default-type\" target=\"_self\" href=\"http:\/\/forumdesseniorsbretagne.com\/wp-content\/uploads\/2019\/12\/Bandeau-Forum-des-Seniors-Bretagne-2020.jpg\"><span class=\"fusion-button-text awb-button__text awb-button__text--default\">T\u00e9l\u00e9chargez le bandeau 2020 (JPG)<\/span><\/a><\/div><div class=\"fusion-clearfix\"><\/div><\/div><\/div><div class=\"fusion-layout-column fusion_builder_column fusion-builder-column-3 fusion_builder_column_1_4 1_4 fusion-one-fourth\" style=\"--awb-bg-size:cover;width:25%;width:calc(25% - ( ( 4% + 4% + 4% ) * 0.25 ) );margin-right: 4%;\"><div class=\"fusion-column-wrapper fusion-flex-column-wrapper-legacy\"><div class=\"fusion-sep-clear\"><\/div><div class=\"fusion-separator fusion-full-width-sep\" style=\"margin-left: auto;margin-right: auto;margin-top:40px;width:100%;\"><\/div><div class=\"fusion-sep-clear\"><\/div><div class=\"fusion-fa-align-center\"><i class=\"fb-icon-element-4 fb-icon-element fontawesome-icon fa-address-card far circle-yes\" style=\"--awb-circlecolor:#ed1b24;--awb-circlecolor-hover:#ed1b24;--awb-circlebordercolor:#ed1b24;--awb-circlebordercolor-hover:#ed1b24;--awb-circlebordersize:1px;--awb-font-size:35.2px;--awb-width:70.4px;--awb-height:70.4px;--awb-line-height:68.4px;\"><\/i><\/div><div class=\"fusion-sep-clear\"><\/div><div class=\"fusion-separator fusion-full-width-sep\" style=\"margin-left: auto;margin-right: auto;margin-top:40px;width:100%;\"><\/div><div class=\"fusion-sep-clear\"><\/div><div class=\"fusion-image-element fusion-image-align-center in-legacy-container\" style=\"text-align:center;--awb-caption-title-font-family:var(--h2_typography-font-family);--awb-caption-title-font-weight:var(--h2_typography-font-weight);--awb-caption-title-font-style:var(--h2_typography-font-style);--awb-caption-title-size:var(--h2_typography-font-size);--awb-caption-title-transform:var(--h2_typography-text-transform);--awb-caption-title-line-height:var(--h2_typography-line-height);--awb-caption-title-letter-spacing:var(--h2_typography-letter-spacing);\"><div class=\"imageframe-align-center\"><span class=\" fusion-imageframe imageframe-none imageframe-3 hover-type-none\"><a href=\"http:\/\/forumdesseniorsbretagne.com\/wp-content\/uploads\/2019\/12\/FSB-Logo-dates-honrizontal.png\" class=\"fusion-lightbox\" data-rel=\"iLightbox[0f8d8adb06a3f52404a]\" data-title=\"FSB-Logo + dates honrizontal\" title=\"FSB-Logo + dates honrizontal\"><img decoding=\"async\" width=\"851\" height=\"315\" src=\"http:\/\/forumdesseniorsbretagne.com\/wp-content\/uploads\/2019\/12\/FSB-Logo-dates-honrizontal.png\" alt class=\"img-responsive wp-image-3609\" srcset=\"https:\/\/forumdesseniorsbretagne.com\/wp-content\/uploads\/2019\/12\/FSB-Logo-dates-honrizontal-200x74.png 200w, https:\/\/forumdesseniorsbretagne.com\/wp-content\/uploads\/2019\/12\/FSB-Logo-dates-honrizontal-400x148.png 400w, https:\/\/forumdesseniorsbretagne.com\/wp-content\/uploads\/2019\/12\/FSB-Logo-dates-honrizontal-600x222.png 600w, https:\/\/forumdesseniorsbretagne.com\/wp-content\/uploads\/2019\/12\/FSB-Logo-dates-honrizontal-800x296.png 800w, https:\/\/forumdesseniorsbretagne.com\/wp-content\/uploads\/2019\/12\/FSB-Logo-dates-honrizontal.png 851w\" sizes=\"(max-width: 800px) 100vw, 400px\" \/><\/a><\/span><\/div><\/div><div class=\"fusion-sep-clear\"><\/div><div class=\"fusion-separator fusion-full-width-sep\" style=\"margin-left: auto;margin-right: auto;margin-top:40px;width:100%;\"><\/div><div class=\"fusion-sep-clear\"><\/div><div class=\"fusion-aligncenter\"><a class=\"fusion-button button-flat fusion-button-default-size button-default fusion-button-default button-3 fusion-button-default-span fusion-button-default-type\" target=\"_self\" href=\"http:\/\/forumdesseniorsbretagne.com\/wp-content\/uploads\/2019\/12\/FSB-Logo-dates-honrizontal.png\"><span class=\"fusion-button-text awb-button__text awb-button__text--default\">T\u00e9l\u00e9chargez le bloc dates 2020 (PNG)<\/span><\/a><\/div><div class=\"fusion-clearfix\"><\/div><\/div><\/div><div class=\"fusion-layout-column fusion_builder_column fusion-builder-column-4 fusion_builder_column_1_4 1_4 fusion-one-fourth fusion-column-last\" style=\"--awb-bg-size:cover;width:25%;width:calc(25% - ( ( 4% + 4% + 4% ) * 0.25 ) );\"><div class=\"fusion-column-wrapper fusion-flex-column-wrapper-legacy\"><div class=\"fusion-sep-clear\"><\/div><div class=\"fusion-separator fusion-full-width-sep\" style=\"margin-left: auto;margin-right: auto;margin-top:40px;width:100%;\"><\/div><div class=\"fusion-sep-clear\"><\/div><div class=\"fusion-fa-align-center\"><i class=\"fb-icon-element-5 fb-icon-element fontawesome-icon fa-address-card far circle-yes\" style=\"--awb-circlecolor:#ed1b24;--awb-circlecolor-hover:#ed1b24;--awb-circlebordercolor:#ed1b24;--awb-circlebordercolor-hover:#ed1b24;--awb-circlebordersize:1px;--awb-font-size:35.2px;--awb-width:70.4px;--awb-height:70.4px;--awb-line-height:68.4px;\"><\/i><\/div><div class=\"fusion-sep-clear\"><\/div><div class=\"fusion-separator fusion-full-width-sep\" style=\"margin-left: auto;margin-right: auto;margin-top:40px;width:100%;\"><\/div><div class=\"fusion-sep-clear\"><\/div><div class=\"fusion-image-element fusion-image-align-center in-legacy-container\" style=\"text-align:center;--awb-caption-title-font-family:var(--h2_typography-font-family);--awb-caption-title-font-weight:var(--h2_typography-font-weight);--awb-caption-title-font-style:var(--h2_typography-font-style);--awb-caption-title-size:var(--h2_typography-font-size);--awb-caption-title-transform:var(--h2_typography-text-transform);--awb-caption-title-line-height:var(--h2_typography-line-height);--awb-caption-title-letter-spacing:var(--h2_typography-letter-spacing);\"><div class=\"imageframe-align-center\"><span class=\" fusion-imageframe imageframe-none imageframe-4 hover-type-none\"><a href=\"http:\/\/forumdesseniorsbretagne.com\/wp-content\/uploads\/2017\/09\/Annotation-2020-01-21-163018-300x158.png\" class=\"fusion-lightbox\" data-rel=\"iLightbox[3f60dc0cd86fc7dd726]\" data-title=\"Annotation 2020-01-21 163018\" title=\"Annotation 2020-01-21 163018\"><img decoding=\"async\" width=\"300\" height=\"158\" src=\"http:\/\/forumdesseniorsbretagne.com\/wp-content\/uploads\/2017\/09\/Annotation-2020-01-21-163018-300x158.png\" alt class=\"img-responsive wp-image-4208\" srcset=\"https:\/\/forumdesseniorsbretagne.com\/wp-content\/uploads\/2017\/09\/Annotation-2020-01-21-163018-200x105.png 200w, https:\/\/forumdesseniorsbretagne.com\/wp-content\/uploads\/2017\/09\/Annotation-2020-01-21-163018.png 372w\" sizes=\"(max-width: 800px) 100vw, 300px\" \/><\/a><\/span><\/div><\/div><div class=\"fusion-sep-clear\"><\/div><div class=\"fusion-separator fusion-full-width-sep\" style=\"margin-left: auto;margin-right: auto;margin-top:40px;width:100%;\"><\/div><div class=\"fusion-sep-clear\"><\/div><div class=\"fusion-aligncenter\"><a class=\"fusion-button button-flat fusion-button-default-size button-default fusion-button-default button-4 fusion-button-default-span fusion-button-default-type\" target=\"_self\" href=\"http:\/\/forumdesseniorsbretagne.com\/wp-content\/uploads\/2020\/01\/Affiche-FSB-2020-400x600-FSB20.pdf\"><span class=\"fusion-button-text awb-button__text awb-button__text--default\">T\u00e9l\u00e9chargez l&rsquo;Affiche FSB 2020 (PDF)<\/span><\/a><\/div><div class=\"fusion-clearfix\"><\/div><\/div><\/div><\/div><\/div><\/p>\n","protected":false},"excerpt":{"rendered":"","protected":false},"author":1,"featured_media":0,"parent":0,"menu_order":0,"comment_status":"closed","ping_status":"closed","template":"100-width.php","meta":{"footnotes":""},"class_list":["post-5044","page","type-page","status-publish","hentry"],"_links":{"self":[{"href":"https:\/\/forumdesseniorsbretagne.com\/index.php\/wp-json\/wp\/v2\/pages\/5044","targetHints":{"allow":["GET"]}}],"collection":[{"href":"https:\/\/forumdesseniorsbretagne.com\/index.php\/wp-json\/wp\/v2\/pages"}],"about":[{"href":"https:\/\/forumdesseniorsbretagne.com\/index.php\/wp-json\/wp\/v2\/types\/page"}],"author":[{"embeddable":true,"href":"https:\/\/forumdesseniorsbretagne.com\/index.php\/wp-json\/wp\/v2\/users\/1"}],"replies":[{"embeddable":true,"href":"https:\/\/forumdesseniorsbretagne.com\/index.php\/wp-json\/wp\/v2\/comments?post=5044"}],"version-history":[{"count":0,"href":"https:\/\/forumdesseniorsbretagne.com\/index.php\/wp-json\/wp\/v2\/pages\/5044\/revisions"}],"wp:attachment":[{"href":"https:\/\/forumdesseniorsbretagne.com\/index.php\/wp-json\/wp\/v2\/media?parent=5044"}],"curies":[{"name":"wp","href":"https:\/\/api.w.org\/{rel}","templated":true}]}}