{"id":970,"date":"2017-09-28T23:47:37","date_gmt":"2017-09-28T21:47:37","guid":{"rendered":"http:\/\/forumdesseniorsbretagne.com\/?page_id=970"},"modified":"2024-01-24T09:48:27","modified_gmt":"2024-01-24T08:48:27","slug":"quel-age-est-on-senior","status":"publish","type":"page","link":"https:\/\/forumdesseniorsbretagne.com\/index.php\/quel-age-est-on-senior\/","title":{"rendered":"A quel \u00e2ge est-on senior ?"},"content":{"rendered":"<p><div class=\"fusion-fullwidth fullwidth-box fusion-builder-row-1 nonhundred-percent-fullwidth non-hundred-percent-height-scrolling\" style=\"--awb-border-radius-top-left:0px;--awb-border-radius-top-right:0px;--awb-border-radius-bottom-right:0px;--awb-border-radius-bottom-left:0px;--awb-padding-top:0px;--awb-background-color:#e4010a;--awb-flex-wrap:wrap;\" ><div class=\"fusion-builder-row fusion-row\"><div class=\"fusion-layout-column fusion_builder_column fusion-builder-column-0 fusion_builder_column_1_1 1_1 fusion-one-full fusion-column-first fusion-column-last\" style=\"--awb-bg-size:cover;\"><div class=\"fusion-column-wrapper fusion-flex-column-wrapper-legacy\"><div class=\"fusion-title title fusion-title-1 fusion-sep-none fusion-title-center fusion-title-text fusion-title-size-one\"><h1 class=\"fusion-title-heading title-heading-center\" style=\"margin:0;\"><span style=\"color: #ffffff;\">\u00c0 quel \u00e2ge est-on senior ?<\/span><\/h1><\/div><div class=\"fusion-text fusion-text-1\"><h3><span style=\"color: #ffffff;\">Vous souhaitez \u00e9changer avec des professionnels sur les sujets qui vous concernent ou qui concernent l\u2019un de vos proches ? Participez au Forum des Seniors Bretagne au Parc des Expositions (Hall 3) \u00e0 Rennes, le vendredi 1 et le samedi 2 mars 2019, de 10h \u00e0 18h : exposants, conf\u00e9rences, activit\u00e9s sportives et culturelles.<\/span><\/h3>\n<\/div><div class=\"fusion-clearfix\"><\/div><\/div><\/div><\/div><\/div><div class=\"fusion-fullwidth fullwidth-box fusion-builder-row-2 nonhundred-percent-fullwidth non-hundred-percent-height-scrolling\" style=\"--awb-border-radius-top-left:0px;--awb-border-radius-top-right:0px;--awb-border-radius-bottom-right:0px;--awb-border-radius-bottom-left:0px;--awb-padding-top:0px;--awb-flex-wrap:wrap;\" ><div class=\"fusion-builder-row fusion-row\"><div class=\"fusion-layout-column fusion_builder_column fusion-builder-column-1 fusion_builder_column_1_1 1_1 fusion-one-full fusion-column-first fusion-column-last\" style=\"--awb-bg-size:cover;\"><div class=\"fusion-column-wrapper fusion-flex-column-wrapper-legacy\"><div class=\"fusion-title title fusion-title-2 fusion-sep-none fusion-title-center fusion-title-text fusion-title-size-one\"><h1 class=\"fusion-title-heading title-heading-center\" style=\"margin:0;\"><h2 class=\"vc_custom_heading\">\u00c0 quel \u00e2ge est-on Senior ?<\/h2><\/h1><\/div><div class=\"fusion-text fusion-text-2\"><div class=\"wpb_text_column wpb_content_element \">\n<div class=\"wpb_wrapper\">\n<h4>Il y a plusieurs r\u00e9ponses \u00e0 cette question !<\/h4>\n<h4><span style=\"color: #ff0000;\"><strong>\u00c0 70 ans<\/strong><\/span> pour les professionnels de sant\u00e9 parce que c\u2019est \u00e0 73 ans en moyenne que survient le premier accident de sant\u00e9 s\u00e9rieux.<\/h4>\n<h4><span style=\"color: #ff0000;\"><strong>A 60 ou 65 ans<\/strong><\/span> pour les pouvoirs publics, \u00e9tat et collectivit\u00e9s locales, qui placent \u00e0 ces \u00e2ges-l\u00e0, le seuil d\u2019acc\u00e8s \u00e0 certaines prestations sociales.<\/h4>\n<h4>Mais <strong>c\u2019est <span style=\"color: #ff0000;\">\u00e0 50 ans<\/span>\u00a0<\/strong> pour les professionnels du marketing car c\u2019est \u00e0 partir de cet \u00e2ge-l\u00e0 que surviennent des changements de vie qui modifient les comportements de consommation.<\/h4>\n<\/div>\n<\/div>\n<\/div><div class=\"fusion-sep-clear\"><\/div><div class=\"fusion-separator fusion-full-width-sep\" style=\"margin-left: auto;margin-right: auto;margin-top:30px;width:100%;\"><\/div><div class=\"fusion-sep-clear\"><\/div><div class=\"fusion-title title fusion-title-3 fusion-sep-none fusion-title-center fusion-title-text fusion-title-size-one\"><h1 class=\"fusion-title-heading title-heading-center\" style=\"margin:0;\"><h2 class=\"vc_custom_heading\">10 \u00e0 15 ans d\u2019\u00e9cart entre l\u2019\u00e2ge ressenti et l\u2019\u00e2ge r\u00e9el<\/h2><\/h1><\/div><div class=\"fusion-text fusion-text-3\"><div class=\"wpb_text_column wpb_content_element \">\n<div class=\"wpb_wrapper\">\n<div class=\"wpb_text_column wpb_content_element \">\n<div class=\"wpb_wrapper\">\n<h4>Il y a 3 notions de l\u2019\u00e2ge :<\/h4>\n<ul>\n<li>\n<h4><span style=\"color: #008000;\"><strong>L\u2019\u00e2ge r\u00e9el<\/strong> <\/span>: c\u2019est l\u2019\u00e2ge physiologique, celui de l\u2019\u00e9tat civil<\/h4>\n<\/li>\n<li>\n<h4><span style=\"color: #008000;\"><strong>L\u2019\u00e2ge social<\/strong><\/span> : c\u2019est l\u2019\u00e2ge que les autres nous donnent<\/h4>\n<\/li>\n<li>\n<h4><span style=\"color: #008000;\"><strong>L\u2019\u00e2ge ressenti<\/strong><\/span> : c\u2019est l\u2019\u00e2ge psychologique, celui que nous avons l\u2019impression d\u2019avoir<\/h4>\n<\/li>\n<\/ul>\n<h4>C\u2019est l\u2019\u00e2ge ressenti qui va d\u00e9terminer les comportements de consommation, car il structure les envies, les besoins, les choix.<\/h4>\n<h4>L\u2019\u00e9cart entre l\u2019\u00e2ge r\u00e9el et l\u2019\u00e2ge ressenti est mesur\u00e9 chaque ann\u00e9e par l\u2019\u00e9tude SIMM de KANTAR MEDIA. Il \u00e9volue avec l\u2019\u00e2ge pour atteindre 19 ans \u00e0 65 ans.<\/h4>\n<\/div>\n<\/div>\n<\/div>\n<\/div>\n<\/div><div class=\"fusion-sep-clear\"><\/div><div class=\"fusion-separator fusion-full-width-sep\" style=\"margin-left: auto;margin-right: auto;margin-top:30px;width:100%;\"><\/div><div class=\"fusion-sep-clear\"><\/div><div class=\"fusion-image-element fusion-image-align-center in-legacy-container\" style=\"text-align:center;--awb-caption-title-font-family:var(--h2_typography-font-family);--awb-caption-title-font-weight:var(--h2_typography-font-weight);--awb-caption-title-font-style:var(--h2_typography-font-style);--awb-caption-title-size:var(--h2_typography-font-size);--awb-caption-title-transform:var(--h2_typography-text-transform);--awb-caption-title-line-height:var(--h2_typography-line-height);--awb-caption-title-letter-spacing:var(--h2_typography-letter-spacing);\"><div class=\"imageframe-align-center\"><span class=\" fusion-imageframe imageframe-none imageframe-1 hover-type-none\"><img decoding=\"async\" width=\"848\" height=\"325\" title=\"Forum des Seniors Bretagne 2017\" src=\"http:\/\/forumdesseniorsbretagne.com\/wp-content\/uploads\/2017\/09\/Forum-des-Seniors-Bretagne-2017.jpg\" alt class=\"img-responsive wp-image-975\" srcset=\"https:\/\/forumdesseniorsbretagne.com\/wp-content\/uploads\/2017\/09\/Forum-des-Seniors-Bretagne-2017-200x77.jpg 200w, https:\/\/forumdesseniorsbretagne.com\/wp-content\/uploads\/2017\/09\/Forum-des-Seniors-Bretagne-2017-400x153.jpg 400w, https:\/\/forumdesseniorsbretagne.com\/wp-content\/uploads\/2017\/09\/Forum-des-Seniors-Bretagne-2017-600x230.jpg 600w, https:\/\/forumdesseniorsbretagne.com\/wp-content\/uploads\/2017\/09\/Forum-des-Seniors-Bretagne-2017-800x307.jpg 800w, https:\/\/forumdesseniorsbretagne.com\/wp-content\/uploads\/2017\/09\/Forum-des-Seniors-Bretagne-2017.jpg 848w\" sizes=\"(max-width: 800px) 100vw, 848px\" \/><\/span><\/div><\/div><div class=\"fusion-sep-clear\"><\/div><div class=\"fusion-separator fusion-full-width-sep\" style=\"margin-left: auto;margin-right: auto;margin-top:30px;width:100%;\"><\/div><div class=\"fusion-sep-clear\"><\/div><div class=\"fusion-title title fusion-title-4 fusion-sep-none fusion-title-center fusion-title-text fusion-title-size-one\"><h1 class=\"fusion-title-heading title-heading-center\" style=\"margin:0;\"><h2>Les grands \u00e9v\u00e9nements apr\u00e8s 50 ans<\/h2><\/h1><\/div><div class=\"fusion-text fusion-text-4\"><div class=\"wpb_text_column wpb_content_element \">\n<div class=\"wpb_wrapper\">\n<div class=\"wpb_text_column wpb_content_element \">\n<div class=\"wpb_wrapper\">\n<div id=\"vsc_row_cparmrld\" class=\"vc_row vc_inner vc_row-fluid container\" data-token=\"dVq16\"><\/div>\n<div id=\"vsc_row_dkszovqjld\" class=\"vc_row vc_inner vc_row-fluid container\" data-token=\"7DKv3\">\n<div class=\"vc_col-sm-3 wpb_column column_container \">\n<div class=\"wpb_wrapper\">\n<div class=\"wpb_text_column wpb_content_element \">\n<div class=\"wpb_wrapper\" style=\"text-align: left;\">\n<h4><span style=\"color: #ff0000;\">53 ans<\/span> Le dernier enfant quitte le foyer<\/h4>\n<h4><span style=\"color: #ff0000;\">55 ans <\/span>La naissance du premier petit-enfant<\/h4>\n<h4><span style=\"color: #ff0000;\">58 ans <\/span>La fin de la vie professionnelle<\/h4>\n<h4><span style=\"color: #ff0000;\">59 ans <\/span>Le premier h\u00e9ritage<\/h4>\n<h4><span style=\"color: #ff0000;\">62 ans <\/span>La retraite<\/h4>\n<h4><span style=\"color: #ff0000;\">63 ans <\/span>La perte de ses deux parents<\/h4>\n<h4><span style=\"color: #ff0000;\">73 ans<\/span> Le premier accident de sant\u00e9<\/h4>\n<h4><span style=\"color: #ff0000;\">82 ans <\/span>L\u2019entr\u00e9e en maison de retraite<\/h4>\n<h4>Plus de chiffres sur <a href=\"http:\/\/institutfrancaisdesseniors.com\/\" target=\"_blank\" rel=\"noopener noreferrer\"><span style=\"color: #ff0000;\">site de l\u2019Institut Fran\u00e7ais des Seniors<\/span><\/a><\/h4>\n<\/div>\n<\/div>\n<\/div>\n<\/div>\n<\/div>\n<\/div>\n<\/div>\n<\/div>\n<\/div>\n<\/div><div class=\"fusion-sep-clear\"><\/div><div class=\"fusion-separator fusion-full-width-sep\" style=\"margin-left: auto;margin-right: auto;margin-top:30px;width:100%;\"><\/div><div class=\"fusion-sep-clear\"><\/div><div class=\"fusion-clearfix\"><\/div><\/div><\/div><\/div><\/div><\/p>\n","protected":false},"excerpt":{"rendered":"","protected":false},"author":1,"featured_media":0,"parent":0,"menu_order":0,"comment_status":"closed","ping_status":"closed","template":"100-width.php","meta":{"footnotes":""},"class_list":["post-970","page","type-page","status-publish","hentry"],"_links":{"self":[{"href":"https:\/\/forumdesseniorsbretagne.com\/index.php\/wp-json\/wp\/v2\/pages\/970","targetHints":{"allow":["GET"]}}],"collection":[{"href":"https:\/\/forumdesseniorsbretagne.com\/index.php\/wp-json\/wp\/v2\/pages"}],"about":[{"href":"https:\/\/forumdesseniorsbretagne.com\/index.php\/wp-json\/wp\/v2\/types\/page"}],"author":[{"embeddable":true,"href":"https:\/\/forumdesseniorsbretagne.com\/index.php\/wp-json\/wp\/v2\/users\/1"}],"replies":[{"embeddable":true,"href":"https:\/\/forumdesseniorsbretagne.com\/index.php\/wp-json\/wp\/v2\/comments?post=970"}],"version-history":[{"count":6,"href":"https:\/\/forumdesseniorsbretagne.com\/index.php\/wp-json\/wp\/v2\/pages\/970\/revisions"}],"predecessor-version":[{"id":7140,"href":"https:\/\/forumdesseniorsbretagne.com\/index.php\/wp-json\/wp\/v2\/pages\/970\/revisions\/7140"}],"wp:attachment":[{"href":"https:\/\/forumdesseniorsbretagne.com\/index.php\/wp-json\/wp\/v2\/media?parent=970"}],"curies":[{"name":"wp","href":"https:\/\/api.w.org\/{rel}","templated":true}]}}